{"id":18,"date":"2022-10-18T00:27:59","date_gmt":"2022-10-18T00:27:59","guid":{"rendered":"https:\/\/www.brinkruiters.nl\/?page_id=18"},"modified":"2026-03-30T13:35:54","modified_gmt":"2026-03-30T13:35:54","slug":"lessen-algemene-informatie","status":"publish","type":"page","link":"https:\/\/www.brinkruiters.nl\/?page_id=18","title":{"rendered":"Lessen"},"content":{"rendered":"\n<h2 class=\"wp-block-heading\">Algemene informatie<\/h2>\n\n\n\n<div class=\"wp-block-media-text alignfull has-media-on-the-right is-stacked-on-mobile is-vertically-aligned-center is-image-fill-element has-text-color has-background has-link-color wp-elements-4c5d15c8e328576528513ce4aa6c776b\" style=\"color:#ffffff;background-color:#202d39;grid-template-columns:auto 34%\"><div class=\"wp-block-media-text__content\">\n<div class=\"wp-block-columns is-layout-flex wp-container-core-columns-is-layout-9d6595d7 wp-block-columns-is-layout-flex\">\n<div class=\"wp-block-column is-layout-flow wp-block-column-is-layout-flow\" style=\"flex-basis:100px\"><\/div>\n\n\n\n<div class=\"wp-block-column is-layout-flow wp-block-column-is-layout-flow\" style=\"flex-basis:800px\">\n<div style=\"height:40px\" aria-hidden=\"true\" class=\"wp-block-spacer\"><\/div>\n\n\n\n<h2 class=\"wp-block-heading has-white-color has-text-color\">Algemene informatie<\/h2>\n\n\n\n<p class=\"has-medium-font-size\">Binnen onze vereniging bieden we onze leden de mogelijkheid om gebruik te maken van&nbsp;<strong>groepslessen<\/strong>.<br>De lessen zijn verdeeld in:<\/p>\n\n\n\n<ul class=\"wp-block-list has-medium-font-size\">\n<li class=\"has-medium-font-size\">(Pony)lessen, dressuur en eerste week van de maand springen<\/li>\n\n\n\n<li>Dressuurlessen paarden<\/li>\n\n\n\n<li>Springles paarden\/pony&#8217;s<\/li>\n\n\n\n<li>Menlessen<\/li>\n<\/ul>\n\n\n\n<hr class=\"wp-block-separator has-alpha-channel-opacity is-style-wide\"\/>\n\n\n\n<div style=\"height:50px\" aria-hidden=\"true\" class=\"wp-block-spacer\"><\/div>\n\n\n\n<p class=\"has-medium-font-size\">Voor de lessen moet u beschikken over een eigen paard of pony.<\/p>\n\n\n\n<p class=\"has-medium-font-size\">De lessen worden uitsluitend gegeven door&nbsp;<strong>bevoegde instructeurs<\/strong>.<br>De actuele lesindeling is te vinden op deze website bij lesoverzicht.<\/p>\n\n\n\n<div style=\"height:50px\" aria-hidden=\"true\" class=\"wp-block-spacer\"><\/div>\n\n\n\n<p class=\"has-medium-font-size\"><strong>Proefles<\/strong><br>Wilt u kennis maken met ons lesaanbod dan is het altijd mogelijk om vrijblijvend onze manege te bezoeken. Daarnaast kunt u gebruik maken van de mogelijkheid om een gratis proefles te rijden. Wij kunnen u mondeling informeren over de lessen en in overleg met u kijken welke les het meest passend is.&nbsp;<\/p>\n\n\n\n<p>Na een proefles kunt u zich definitief&nbsp;<strong>aanmelden voor de&nbsp;lessen<\/strong>. Aanmelden voor de lessen kan op elk moment binnen het kwartaal. Dit kan bij de daarvoor aangewezen personen en via het aanmeldformulier.<\/p>\n\n\n\n<hr class=\"wp-block-separator has-alpha-channel-opacity\"\/>\n\n\n\n<div style=\"height:50px\" aria-hidden=\"true\" class=\"wp-block-spacer\"><\/div>\n\n\n\n<p class=\"has-medium-font-size\">Al u gebruikt maakt van de lessen en u bent&nbsp;<strong>\u00e9\u00e9nmalig verhinderd<\/strong>&nbsp;dan kunt u zich&nbsp;<strong>afmelden<\/strong>&nbsp;bij de instructeur.<br>I.v.m. de lesplanning is het voor ons prettig om hier tijdig van op de hoogte te zijn.<br><br>Verspreid over het jaar hebben we<strong>&nbsp;4&nbsp;<\/strong><strong>lesvrije weken<\/strong>. Twee hiervan vallen in de zomervakantie, \u00e9\u00e9n in de kerstvakantie en \u00e9\u00e9n in het voorjaar. <br>Daarnaast vervallen de lessen tijdens feestdagen zoals paasmaandag, kerstdagen, oud en nieuwjaarsdag.<br><br>Mocht u besluiten de lessen te&nbsp;<strong>be\u00ebindigen<\/strong>&nbsp;dan kan dit voor het eind van het nieuwe kwartaal&nbsp;via het wijzigingsformulier.<br>Wij zijn genoodzaakt niet tijdig afgemelde kwartaallessen in rekening te brengen.<\/p>\n\n\n\n<div style=\"height:40px\" aria-hidden=\"true\" class=\"wp-block-spacer\"><\/div>\n<\/div>\n\n\n\n<div class=\"wp-block-column is-layout-flow wp-block-column-is-layout-flow\" style=\"flex-basis:100px\"><\/div>\n<\/div>\n\n\n\n<div style=\"height:30px\" aria-hidden=\"true\" class=\"wp-block-spacer\"><\/div>\n<\/div><figure class=\"wp-block-media-text__media\"><img loading=\"lazy\" decoding=\"async\" width=\"640\" height=\"427\" src=\"https:\/\/www.brinkruiters.nl\/wp-content\/uploads\/2023\/03\/horse-gec3635e60_640.jpg\" alt=\"\" class=\"wp-image-478 size-full\" style=\"object-position:50% 50%\" srcset=\"https:\/\/www.brinkruiters.nl\/wp-content\/uploads\/2023\/03\/horse-gec3635e60_640.jpg 640w, https:\/\/www.brinkruiters.nl\/wp-content\/uploads\/2023\/03\/horse-gec3635e60_640-300x200.jpg 300w, https:\/\/www.brinkruiters.nl\/wp-content\/uploads\/2023\/03\/horse-gec3635e60_640-150x100.jpg 150w, https:\/\/www.brinkruiters.nl\/wp-content\/uploads\/2023\/03\/horse-gec3635e60_640-570x380.jpg 570w, https:\/\/www.brinkruiters.nl\/wp-content\/uploads\/2023\/03\/horse-gec3635e60_640-380x254.jpg 380w, https:\/\/www.brinkruiters.nl\/wp-content\/uploads\/2023\/03\/horse-gec3635e60_640-285x190.jpg 285w\" sizes=\"auto, (max-width: 640px) 100vw, 640px\" \/><\/figure><\/div>\n\n\n\n<div class=\"wp-block-group has-background\" style=\"background-color:#202d39\"><div class=\"wp-block-group__inner-container is-layout-constrained wp-block-group-is-layout-constrained\">\n<div style=\"height:50px\" aria-hidden=\"true\" class=\"wp-block-spacer\"><\/div>\n\n\n\n<div class=\"wp-block-columns is-layout-flex wp-container-core-columns-is-layout-9d6595d7 wp-block-columns-is-layout-flex\">\n<div class=\"wp-block-column is-layout-flow wp-block-column-is-layout-flow\" style=\"flex-basis:100px\"><\/div>\n\n\n\n<div class=\"wp-block-column is-layout-flow wp-block-column-is-layout-flow\" style=\"flex-basis:80%\">\n<h2 class=\"wp-block-heading has-white-color has-text-color\">Lesindeling<\/h2>\n\n\n\n<p class=\"has-white-color has-text-color\">Graag voor informatie of beschikbaarheid in de lessen contact opnemen met Marianne Vaas (06-42464422).<\/p>\n\n\n\n<hr class=\"wp-block-separator has-text-color has-white-color has-alpha-channel-opacity has-white-background-color has-background\"\/>\n\n\n\n<div class=\"wp-block-columns is-layout-flex wp-container-core-columns-is-layout-9d6595d7 wp-block-columns-is-layout-flex\">\n<div class=\"wp-block-column has-white-color has-text-color is-layout-flow wp-block-column-is-layout-flow\" style=\"flex-basis:45%\">\n<p class=\"has-white-color has-text-color\"><strong>Maandag<\/strong><\/p>\n\n\n\n<p>19.15-20.15 Springles &#8211; Jan Willem Manting (om de week)<\/p>\n\n\n\n<p>20.15-21.15\u00a0Dressuurles &#8211; Jan Willem Manting<\/p>\n\n\n\n<p><strong>Dinsdag<\/strong><\/p>\n\n\n\n<p>10.00-11.00 Menles &#8211; Remmy Bron<\/p>\n\n\n\n<p>19.00-20.00&nbsp;Dressuurles &#8211; Marlies Manting<\/p>\n\n\n\n<p>20.00-21.00&nbsp;Dressuurles &#8211; Marlies Manting<\/p>\n\n\n\n<p><strong>Woensdag<\/strong><\/p>\n\n\n\n<p>12.30-13.30\u00a0Menles &#8211; Remmy Bron<\/p>\n\n\n\n<p>14.00-15.00\u00a0Menles &#8211; Remmy Bron<\/p>\n\n\n\n<p><strong>Donderdag<\/strong><\/p>\n\n\n\n<p>19.00-20.00&nbsp;Dressuurles Pony&#8217;s\/Paarden &#8211; Heleen Broos (1e van de maand springen)<\/p>\n\n\n\n<p>20.00-21.00&nbsp;Dressuurles Pony&#8217;s\/Paarden &#8211; Heleen Broos (1e van de maand springen)<\/p>\n<\/div>\n\n\n\n<div class=\"wp-block-column has-white-color has-text-color is-layout-flow wp-block-column-is-layout-flow\" style=\"flex-basis:45%\">\n<p><strong>Vrijdag<\/strong><\/p>\n\n\n\n<p>09.30-10.30&nbsp;Dressuurles &#8211; Marlies Manting<\/p>\n\n\n\n<p>10.30-11.30&nbsp;Dressuurles &#8211; Marlies Manting<\/p>\n\n\n\n<p>13.30-14.30 Menles &#8211; Remmy Bron<\/p>\n\n\n\n<p><strong>Zaterdag<\/strong><\/p>\n\n\n\n<p>09.30-10.30&nbsp;Pony&#8217;s &#8211; Ilse Padding (1e van de maand springen)<\/p>\n\n\n\n<p>10.30-11.30&nbsp;Pony&#8217;s &#8211; Ilse Padding (1e van de maand springen)<\/p>\n\n\n\n<h2 class=\"wp-block-heading has-white-color has-text-color\">Kosten lessen &#8211; lidmaatschap met gebruik van manege verplicht<\/h2>\n\n\n\n<figure class=\"wp-block-table is-style-regular\"><table><tbody><tr><td>Dressuurles (wekelijks)<\/td><td>\u20ac&nbsp; 92,-<\/td><td>per kwartaal<\/td><\/tr><tr><td>Springles (alleen de oneven weken)<\/td><td>\u20ac&nbsp; &nbsp;46,-<\/td><td>per kwartaal<\/td><\/tr><tr><td>Menles (10 lessen per kwartaal)<\/td><td>\u20ac&nbsp; 125,-<\/td><td>per kwartaal<\/td><\/tr><tr><td><\/td><td><\/td><td><\/td><\/tr><\/tbody><\/table><\/figure>\n\n\n\n<p>Overige contributiekosten vind je <a href=\"https:\/\/www.brinkruiters.nl\/kosten\/\" data-type=\"page\" data-id=\"61\"><strong>hier<\/strong><\/a>.<\/p>\n<\/div>\n<\/div>\n<\/div>\n\n\n\n<div class=\"wp-block-column is-layout-flow wp-block-column-is-layout-flow\" style=\"flex-basis:100px\"><\/div>\n<\/div>\n<\/div><\/div>\n","protected":false},"excerpt":{"rendered":"<p>Algemene informatie Lesindeling Graag voor informatie of beschikbaarheid in de lessen contact opnemen met Marianne Vaas (06-42464422). Maandag 19.15-20.15 Springles &#8211; Jan Willem Manting (om de week) 20.15-21.15\u00a0Dressuurles &#8211; Jan Willem Manting Dinsdag 10.00-11.00 Menles &#8211; Remmy Bron 19.00-20.00&nbsp;Dressuurles &#8211; Marlies Manting 20.00-21.00&nbsp;Dressuurles &#8211; Marlies Manting Woensdag 12.30-13.30\u00a0Menles &#8211; Remmy Bron 14.00-15.00\u00a0Menles &#8211; Remmy Bron<\/p>\n<p class=\"more-link\"><a href=\"https:\/\/www.brinkruiters.nl\/?page_id=18\" class=\"themebutton\">Read More<\/a><\/p>\n","protected":false},"author":1,"featured_media":0,"parent":0,"menu_order":0,"comment_status":"closed","ping_status":"closed","template":"","meta":{"_mc_calendar":[],"footnotes":""},"categories":[],"tags":[],"class_list":["post-18","page","type-page","status-publish","hentry"],"_links":{"self":[{"href":"https:\/\/www.brinkruiters.nl\/index.php?rest_route=\/wp\/v2\/pages\/18","targetHints":{"allow":["GET"]}}],"collection":[{"href":"https:\/\/www.brinkruiters.nl\/index.php?rest_route=\/wp\/v2\/pages"}],"about":[{"href":"https:\/\/www.brinkruiters.nl\/index.php?rest_route=\/wp\/v2\/types\/page"}],"author":[{"embeddable":true,"href":"https:\/\/www.brinkruiters.nl\/index.php?rest_route=\/wp\/v2\/users\/1"}],"replies":[{"embeddable":true,"href":"https:\/\/www.brinkruiters.nl\/index.php?rest_route=%2Fwp%2Fv2%2Fcomments&post=18"}],"version-history":[{"count":35,"href":"https:\/\/www.brinkruiters.nl\/index.php?rest_route=\/wp\/v2\/pages\/18\/revisions"}],"predecessor-version":[{"id":1098,"href":"https:\/\/www.brinkruiters.nl\/index.php?rest_route=\/wp\/v2\/pages\/18\/revisions\/1098"}],"wp:attachment":[{"href":"https:\/\/www.brinkruiters.nl\/index.php?rest_route=%2Fwp%2Fv2%2Fmedia&parent=18"}],"wp:term":[{"taxonomy":"category","embeddable":true,"href":"https:\/\/www.brinkruiters.nl\/index.php?rest_route=%2Fwp%2Fv2%2Fcategories&post=18"},{"taxonomy":"post_tag","embeddable":true,"href":"https:\/\/www.brinkruiters.nl\/index.php?rest_route=%2Fwp%2Fv2%2Ftags&post=18"}],"curies":[{"name":"wp","href":"https:\/\/api.w.org\/{rel}","templated":true}]}}